{"id":414,"date":"2025-01-26T19:55:26","date_gmt":"2025-01-26T17:55:26","guid":{"rendered":"https:\/\/dr-reber.de\/?page_id=414"},"modified":"2025-10-13T20:36:56","modified_gmt":"2025-10-13T18:36:56","slug":"imp","status":"publish","type":"page","link":"https:\/\/dr-reber.de\/?page_id=414","title":{"rendered":"Impressum"},"content":{"rendered":"\t\t<div data-elementor-type=\"wp-page\" data-elementor-id=\"414\" class=\"elementor elementor-414\">\n\t\t\t\t<header class=\"elementor-element elementor-element-c6d0905 e-con-full e-flex e-con e-parent\" data-id=\"c6d0905\" data-element_type=\"container\">\n\t\t\t\t<div class=\"elementor-element elementor-element-77365f7 elementor-widget__width-initial elementor-widget elementor-widget-image\" data-id=\"77365f7\" data-element_type=\"widget\" data-widget_type=\"image.default\">\n\t\t\t\t<div class=\"elementor-widget-container\">\n\t\t\t\t\t\t\t\t\t\t\t\t\t\t\t<img fetchpriority=\"high\" decoding=\"async\" width=\"800\" height=\"215\" src=\"https:\/\/dr-reber.de\/wp-content\/uploads\/2025\/10\/Ilka-Logo-final-1024x275.png\" class=\"attachment-large size-large wp-image-617\" alt=\"\" srcset=\"https:\/\/dr-reber.de\/wp-content\/uploads\/2025\/10\/Ilka-Logo-final-1024x275.png 1024w, https:\/\/dr-reber.de\/wp-content\/uploads\/2025\/10\/Ilka-Logo-final-300x81.png 300w, https:\/\/dr-reber.de\/wp-content\/uploads\/2025\/10\/Ilka-Logo-final-768x206.png 768w, https:\/\/dr-reber.de\/wp-content\/uploads\/2025\/10\/Ilka-Logo-final-1536x413.png 1536w, https:\/\/dr-reber.de\/wp-content\/uploads\/2025\/10\/Ilka-Logo-final-2048x550.png 2048w\" sizes=\"(max-width: 800px) 100vw, 800px\" \/>\t\t\t\t\t\t\t\t\t\t\t\t\t\t\t<\/div>\n\t\t\t\t<\/div>\n\t\t<div class=\"elementor-element elementor-element-71909f8 e-con-full e-flex e-con e-child\" data-id=\"71909f8\" data-element_type=\"container\">\n\t\t\t\t<\/div>\n\t\t<div class=\"elementor-element elementor-element-3ad80a7 e-con-full e-flex e-con e-child\" data-id=\"3ad80a7\" data-element_type=\"container\">\n\t\t\t\t<div class=\"elementor-element elementor-element-5923642 elementor-align-right elementor-icon-list--layout-traditional elementor-list-item-link-full_width elementor-widget elementor-widget-icon-list\" data-id=\"5923642\" data-element_type=\"widget\" data-widget_type=\"icon-list.default\">\n\t\t\t\t<div class=\"elementor-widget-container\">\n\t\t\t\t\t\t\t<ul class=\"elementor-icon-list-items\">\n\t\t\t\t\t\t\t<li class=\"elementor-icon-list-item\">\n\t\t\t\t\t\t\t\t\t\t\t<a href=\"mailto:info@dr-reber.de\" target=\"_blank\">\n\n\t\t\t\t\t\t\t\t\t\t\t<span class=\"elementor-icon-list-text\"><\/span>\n\t\t\t\t\t\t\t\t\t\t\t<\/a>\n\t\t\t\t\t\t\t\t\t<\/li>\n\t\t\t\t\t\t<\/ul>\n\t\t\t\t\t\t<\/div>\n\t\t\t\t<\/div>\n\t\t\t\t<\/div>\n\t\t\t\t<\/header>\n\t\t<div class=\"elementor-element elementor-element-a0f5a2a e-flex e-con-boxed e-con e-parent\" data-id=\"a0f5a2a\" data-element_type=\"container\">\n\t\t\t\t\t<div class=\"e-con-inner\">\n\t\t\t\t\t<\/div>\n\t\t\t\t<\/div>\n\t\t<div class=\"elementor-element elementor-element-9414841 e-flex e-con-boxed e-con e-parent\" data-id=\"9414841\" data-element_type=\"container\">\n\t\t\t\t\t<div class=\"e-con-inner\">\n\t\t\t\t<div class=\"elementor-element elementor-element-63c4401 elementor-widget elementor-widget-text-editor\" data-id=\"63c4401\" data-element_type=\"widget\" data-widget_type=\"text-editor.default\">\n\t\t\t\t<div class=\"elementor-widget-container\">\n\t\t\t\t\t\t\t\t\t&nbsp;\n<table>\n<tbody>\n<tr>\n<td align=\"center\" valign=\"top\">\n<h3 style=\"font-size: 14.4px;\"><span style=\"font-weight: bolder; color: #324a6d; font-size: 22px; text-align: start; \"><u>Haftungsausschluss<\/u><\/span><\/h3>\n<h3 style=\"font-size: 14.4px;\"><\/h3>\n<table style=\"color: var( --e-global-color-text ); text-align: var(--text-align); background-color: #ffffff;\">\n<tbody>\n<tr>\n<td align=\"left\" valign=\"top\" width=\"500\"><font color= #324a6d>\n<p align=\"justify\"><b>Inhalte (Informationen und Links)<\/b><\/p>\nMit dem Urteil vom 12. Mai 1998 hat das Landgericht Hamburg entschieden, dass man durch die Anbringung eines Links die Inhalte der gelinkten Seite ggf. mit zu verantworten hat. Dies kann &#8211; so das LG &#8211; nur dadurch verhindert werden, dass man sich ausdr\u00fccklich von diesen Inhalten distanziert.\n<br><br>\nAuf dieser Website befinden sich Links zu anderen Websites im Internet. Ich m\u00f6chte ausdr\u00fccklich betonen,\u00a0<span style=\"font-size: 14.4px;\">dass\u00a0<\/span><i>Dr. med. Ilka Reber<\/i>\u00a0keinen Einfluss auf die Gestaltung und die Inhalte der gelinkten Seiten hat. Deshalb distanziere ich mich hiermit ausdr\u00fccklich von den Inhalten dieser gelinkten Seiten auf der\u00a0<i style=\"font-size: 14.4px;\">Dr. med. Ilka Reber<\/i>\u00a0Website. Diese Erkl\u00e4rung gilt f\u00fcr alle Seiten unserer Website und f\u00fcr alle auf dieser Website angebrachten Links &#8211; au\u00dferdem f\u00fcr alle Inhalte der Seiten, zu denen Banner f\u00fchren.\n<br><br>\nDie eigenen Inhalte werden von\u00a0<i style=\"font-size: 14.4px;\">Dr. med. Ilka Reber<\/i>\u00a0sorgf\u00e4ltig bearbeitet und \u00fcberpr\u00fcft.\u00a0<i style=\"font-size: 14.4px;\">Dr. med. Ilka Reber<\/i>\u00a0\u00fcbernimmt jedoch keine Gew\u00e4hr f\u00fcr Richtigkeit, Aktualit\u00e4t, Vollst\u00e4ndigkeit, Qualit\u00e4t oder Verf\u00fcgbarkeit der Inhalte. Haftungsanspr\u00fcche gegen\u00a0<i style=\"font-size: 14.4px;\">Dr. med. Ilka Reber<\/i>\u00a0f\u00fcr materielle oder immaterielle Sch\u00e4den, die aus der Nutzung oder Nichtnutzung der Inhalte entstehen, sind neben den sonstigen gesetzlichen Voraussetzungen auf F\u00e4lle beschr\u00e4nkt, in denen vors\u00e4tzliches oder grob fahrl\u00e4ssiges Verhalten von\u00a0<i style=\"font-size: 14.4px;\">Dr. med. Ilka Reber\u00a0<\/i>zugrunde liegt.<br><br>\n\n<span style=\"color: 000000; font-family: arial; font-size: small;\">\u00a0<\/span>\n<p align=\"justify\"><b>Urheberrecht<\/b><\/p>\nAn den eigenen Inhalten steht\u00a0<i style=\"font-size: 14.4px;\">Dr. med. Ilka Reber<\/i>\u00a0das Urheberrecht zu. Eine Vervielf\u00e4ltigung in anderen elektronischen oder gedruckten Medien bedarf der vorherigen Zustimmung von\u00a0<i style=\"font-size: 14.4px;\">Dr. med. Ilka Reber<\/i>.<br><br>\n\n<span style=\"color: 000000; font-family: arial; font-size: small;\">\u00a0<\/span>\n<p align=\"justify\"><b>Rechtswirksamkeit<\/b><\/p>\nDieser Haftungsausschluss ist als Teil des Internetangebotes zu betrachten, von dem aus auf diese Seite verwiesen wurde. Sofern Teile oder einzelne Formulierungen dieses Textes der geltenden Rechtslage nicht, nicht mehr, oder nicht vollst\u00e4ndig entsprechen sollten, bleiben die \u00fcbrigen Teile des Dokumentes in ihrem Inhalt und ihrer G\u00fcltigkeit davon unber\u00fchrt.<\/td>\n<\/tr>\n<\/tbody>\n<\/table>\n<\/td>\n<\/tr>\n<\/tbody>\n<\/table>\t\t\t\t\t\t\t\t<\/div>\n\t\t\t\t<\/div>\n\t\t\t\t\t<\/div>\n\t\t\t\t<\/div>\n\t\t<div class=\"elementor-element elementor-element-973dfdc e-flex e-con-boxed e-con e-parent\" data-id=\"973dfdc\" data-element_type=\"container\">\n\t\t\t\t\t<div class=\"e-con-inner\">\n\t\t<div class=\"elementor-element elementor-element-6e8113f e-con-full e-flex e-con e-child\" data-id=\"6e8113f\" data-element_type=\"container\">\n\t\t\t\t<\/div>\n\t\t\t\t<div class=\"elementor-element elementor-element-1d3ee9c elementor-widget elementor-widget-google_maps\" data-id=\"1d3ee9c\" data-element_type=\"widget\" data-widget_type=\"google_maps.default\">\n\t\t\t\t<div class=\"elementor-widget-container\">\n\t\t\t\t\t\t\t<div class=\"elementor-custom-embed\">\n\t\t\t<iframe loading=\"lazy\"\n\t\t\t\t\tsrc=\"https:\/\/maps.google.com\/maps?q=Marktplatz%208%20%20Freiberg%20am%20Neckar&#038;t=m&#038;z=11&#038;output=embed&#038;iwloc=near\"\n\t\t\t\t\ttitle=\"Marktplatz 8  Freiberg am Neckar\"\n\t\t\t\t\taria-label=\"Marktplatz 8  Freiberg am Neckar\"\n\t\t\t><\/iframe>\n\t\t<\/div>\n\t\t\t\t\t\t<\/div>\n\t\t\t\t<\/div>\n\t\t<div class=\"elementor-element elementor-element-64cfd02 e-con-full e-flex e-con e-child\" data-id=\"64cfd02\" data-element_type=\"container\">\n\t\t\t\t<\/div>\n\t\t\t\t\t<\/div>\n\t\t\t\t<\/div>\n\t\t<div class=\"elementor-element elementor-element-6463b89 e-con-full e-flex e-con e-parent\" data-id=\"6463b89\" data-element_type=\"container\" data-settings=\"{&quot;background_background&quot;:&quot;classic&quot;}\">\n\t\t\t\t<div class=\"elementor-element elementor-element-1980166 elementor-widget elementor-widget-text-editor\" data-id=\"1980166\" data-element_type=\"widget\" data-widget_type=\"text-editor.default\">\n\t\t\t\t<div class=\"elementor-widget-container\">\n\t\t\t\t\t\t\t\t\t<p><span style=\"color: #ffffff;\">Alle Rechte vorbehalten<\/span><\/p>\t\t\t\t\t\t\t\t<\/div>\n\t\t\t\t<\/div>\n\t\t\t\t<\/div>\n\t\t\t\t<\/div>\n\t\t","protected":false},"excerpt":{"rendered":"<p>&nbsp; Haftungsausschluss Inhalte (Informationen und Links) Mit dem Urteil vom 12. Mai 1998 hat das Landgericht Hamburg entschieden, dass man durch die Anbringung eines Links die Inhalte der gelinkten Seite ggf. mit zu verantworten hat. Dies kann &#8211; so das LG &#8211; nur dadurch verhindert werden, dass man sich ausdr\u00fccklich von diesen Inhalten distanziert. Auf [&hellip;]<\/p>\n","protected":false},"author":1,"featured_media":0,"parent":0,"menu_order":0,"comment_status":"closed","ping_status":"closed","template":"elementor_canvas","meta":{"footnotes":""},"class_list":["post-414","page","type-page","status-publish","hentry"],"yoast_head":"<!-- This site is optimized with the Yoast SEO plugin v24.3 - https:\/\/yoast.com\/wordpress\/plugins\/seo\/ -->\n<title>Impressum - Dr. med. Ilka Reber<\/title>\n<meta name=\"robots\" content=\"index, follow, max-snippet:-1, max-image-preview:large, max-video-preview:-1\" \/>\n<link rel=\"canonical\" href=\"https:\/\/dr-reber.de\/?page_id=414\" \/>\n<meta property=\"og:locale\" content=\"de_DE\" \/>\n<meta property=\"og:type\" content=\"article\" \/>\n<meta property=\"og:title\" content=\"Impressum - Dr. med. Ilka Reber\" \/>\n<meta property=\"og:description\" content=\"&nbsp; Haftungsausschluss Inhalte (Informationen und Links) Mit dem Urteil vom 12. Mai 1998 hat das Landgericht Hamburg entschieden, dass man durch die Anbringung eines Links die Inhalte der gelinkten Seite ggf. mit zu verantworten hat. Dies kann &#8211; so das LG &#8211; nur dadurch verhindert werden, dass man sich ausdr\u00fccklich von diesen Inhalten distanziert. Auf [&hellip;]\" \/>\n<meta property=\"og:url\" content=\"https:\/\/dr-reber.de\/?page_id=414\" \/>\n<meta property=\"og:site_name\" content=\"Dr. med. Ilka Reber\" \/>\n<meta property=\"article:publisher\" content=\"https:\/\/www.facebook.com\/dr.ilka.reber\/\" \/>\n<meta property=\"article:modified_time\" content=\"2025-10-13T18:36:56+00:00\" \/>\n<meta property=\"og:image\" content=\"https:\/\/dr-reber.de\/wp-content\/uploads\/2025\/10\/Ilka-Logo-final-1024x275.png\" \/>\n<meta name=\"twitter:card\" content=\"summary_large_image\" \/>\n<meta name=\"twitter:label1\" content=\"Gesch\u00e4tzte Lesezeit\" \/>\n\t<meta name=\"twitter:data1\" content=\"3\u00a0Minuten\" \/>\n<script type=\"application\/ld+json\" class=\"yoast-schema-graph\">{\"@context\":\"https:\/\/schema.org\",\"@graph\":[{\"@type\":\"WebPage\",\"@id\":\"https:\/\/dr-reber.de\/?page_id=414\",\"url\":\"https:\/\/dr-reber.de\/?page_id=414\",\"name\":\"Impressum - Dr. med. Ilka Reber\",\"isPartOf\":{\"@id\":\"https:\/\/dr-reber.de\/#website\"},\"primaryImageOfPage\":{\"@id\":\"https:\/\/dr-reber.de\/?page_id=414#primaryimage\"},\"image\":{\"@id\":\"https:\/\/dr-reber.de\/?page_id=414#primaryimage\"},\"thumbnailUrl\":\"https:\/\/dr-reber.de\/wp-content\/uploads\/2025\/10\/Ilka-Logo-final-1024x275.png\",\"datePublished\":\"2025-01-26T17:55:26+00:00\",\"dateModified\":\"2025-10-13T18:36:56+00:00\",\"breadcrumb\":{\"@id\":\"https:\/\/dr-reber.de\/?page_id=414#breadcrumb\"},\"inLanguage\":\"de\",\"potentialAction\":[{\"@type\":\"ReadAction\",\"target\":[\"https:\/\/dr-reber.de\/?page_id=414\"]}]},{\"@type\":\"ImageObject\",\"inLanguage\":\"de\",\"@id\":\"https:\/\/dr-reber.de\/?page_id=414#primaryimage\",\"url\":\"https:\/\/dr-reber.de\/wp-content\/uploads\/2025\/10\/Ilka-Logo-final-scaled.png\",\"contentUrl\":\"https:\/\/dr-reber.de\/wp-content\/uploads\/2025\/10\/Ilka-Logo-final-scaled.png\",\"width\":2560,\"height\":688},{\"@type\":\"BreadcrumbList\",\"@id\":\"https:\/\/dr-reber.de\/?page_id=414#breadcrumb\",\"itemListElement\":[{\"@type\":\"ListItem\",\"position\":1,\"name\":\"Startseite\",\"item\":\"https:\/\/dr-reber.de\/\"},{\"@type\":\"ListItem\",\"position\":2,\"name\":\"Impressum\"}]},{\"@type\":\"WebSite\",\"@id\":\"https:\/\/dr-reber.de\/#website\",\"url\":\"https:\/\/dr-reber.de\/\",\"name\":\"Privatpraxis Dr. med. Ilka Reber \u00c4rztin und Hypnotherapeutin\",\"description\":\"Pers\u00f6nliche Begleitung mit HypnoSystem\",\"publisher\":{\"@id\":\"https:\/\/dr-reber.de\/#organization\"},\"potentialAction\":[{\"@type\":\"SearchAction\",\"target\":{\"@type\":\"EntryPoint\",\"urlTemplate\":\"https:\/\/dr-reber.de\/?s={search_term_string}\"},\"query-input\":{\"@type\":\"PropertyValueSpecification\",\"valueRequired\":true,\"valueName\":\"search_term_string\"}}],\"inLanguage\":\"de\"},{\"@type\":\"Organization\",\"@id\":\"https:\/\/dr-reber.de\/#organization\",\"name\":\"Privatpraxis Dr. med. Ilka Reber\",\"alternateName\":\"Medizinische und Hypnosystemische Psychotherapie\",\"url\":\"https:\/\/dr-reber.de\/\",\"logo\":{\"@type\":\"ImageObject\",\"inLanguage\":\"de\",\"@id\":\"https:\/\/dr-reber.de\/#\/schema\/logo\/image\/\",\"url\":\"https:\/\/dr-reber.de\/wp-content\/uploads\/2026\/01\/Foto-Praxis-Ilka.jpg\",\"contentUrl\":\"https:\/\/dr-reber.de\/wp-content\/uploads\/2026\/01\/Foto-Praxis-Ilka.jpg\",\"width\":1280,\"height\":1280,\"caption\":\"Privatpraxis Dr. med. Ilka Reber\"},\"image\":{\"@id\":\"https:\/\/dr-reber.de\/#\/schema\/logo\/image\/\"},\"sameAs\":[\"https:\/\/www.facebook.com\/dr.ilka.reber\/\",\"https:\/\/www.instagram.com\/dr_ilka_reber\/\"]}]}<\/script>\n<!-- \/ Yoast SEO plugin. -->","yoast_head_json":{"title":"Impressum - Dr. med. Ilka Reber","robots":{"index":"index","follow":"follow","max-snippet":"max-snippet:-1","max-image-preview":"max-image-preview:large","max-video-preview":"max-video-preview:-1"},"canonical":"https:\/\/dr-reber.de\/?page_id=414","og_locale":"de_DE","og_type":"article","og_title":"Impressum - Dr. med. Ilka Reber","og_description":"&nbsp; Haftungsausschluss Inhalte (Informationen und Links) Mit dem Urteil vom 12. Mai 1998 hat das Landgericht Hamburg entschieden, dass man durch die Anbringung eines Links die Inhalte der gelinkten Seite ggf. mit zu verantworten hat. Dies kann &#8211; so das LG &#8211; nur dadurch verhindert werden, dass man sich ausdr\u00fccklich von diesen Inhalten distanziert. Auf [&hellip;]","og_url":"https:\/\/dr-reber.de\/?page_id=414","og_site_name":"Dr. med. Ilka Reber","article_publisher":"https:\/\/www.facebook.com\/dr.ilka.reber\/","article_modified_time":"2025-10-13T18:36:56+00:00","og_image":[{"url":"https:\/\/dr-reber.de\/wp-content\/uploads\/2025\/10\/Ilka-Logo-final-1024x275.png","type":"","width":"","height":""}],"twitter_card":"summary_large_image","twitter_misc":{"Gesch\u00e4tzte Lesezeit":"3\u00a0Minuten"},"schema":{"@context":"https:\/\/schema.org","@graph":[{"@type":"WebPage","@id":"https:\/\/dr-reber.de\/?page_id=414","url":"https:\/\/dr-reber.de\/?page_id=414","name":"Impressum - Dr. med. Ilka Reber","isPartOf":{"@id":"https:\/\/dr-reber.de\/#website"},"primaryImageOfPage":{"@id":"https:\/\/dr-reber.de\/?page_id=414#primaryimage"},"image":{"@id":"https:\/\/dr-reber.de\/?page_id=414#primaryimage"},"thumbnailUrl":"https:\/\/dr-reber.de\/wp-content\/uploads\/2025\/10\/Ilka-Logo-final-1024x275.png","datePublished":"2025-01-26T17:55:26+00:00","dateModified":"2025-10-13T18:36:56+00:00","breadcrumb":{"@id":"https:\/\/dr-reber.de\/?page_id=414#breadcrumb"},"inLanguage":"de","potentialAction":[{"@type":"ReadAction","target":["https:\/\/dr-reber.de\/?page_id=414"]}]},{"@type":"ImageObject","inLanguage":"de","@id":"https:\/\/dr-reber.de\/?page_id=414#primaryimage","url":"https:\/\/dr-reber.de\/wp-content\/uploads\/2025\/10\/Ilka-Logo-final-scaled.png","contentUrl":"https:\/\/dr-reber.de\/wp-content\/uploads\/2025\/10\/Ilka-Logo-final-scaled.png","width":2560,"height":688},{"@type":"BreadcrumbList","@id":"https:\/\/dr-reber.de\/?page_id=414#breadcrumb","itemListElement":[{"@type":"ListItem","position":1,"name":"Startseite","item":"https:\/\/dr-reber.de\/"},{"@type":"ListItem","position":2,"name":"Impressum"}]},{"@type":"WebSite","@id":"https:\/\/dr-reber.de\/#website","url":"https:\/\/dr-reber.de\/","name":"Privatpraxis Dr. med. Ilka Reber \u00c4rztin und Hypnotherapeutin","description":"Pers\u00f6nliche Begleitung mit HypnoSystem","publisher":{"@id":"https:\/\/dr-reber.de\/#organization"},"potentialAction":[{"@type":"SearchAction","target":{"@type":"EntryPoint","urlTemplate":"https:\/\/dr-reber.de\/?s={search_term_string}"},"query-input":{"@type":"PropertyValueSpecification","valueRequired":true,"valueName":"search_term_string"}}],"inLanguage":"de"},{"@type":"Organization","@id":"https:\/\/dr-reber.de\/#organization","name":"Privatpraxis Dr. med. Ilka Reber","alternateName":"Medizinische und Hypnosystemische Psychotherapie","url":"https:\/\/dr-reber.de\/","logo":{"@type":"ImageObject","inLanguage":"de","@id":"https:\/\/dr-reber.de\/#\/schema\/logo\/image\/","url":"https:\/\/dr-reber.de\/wp-content\/uploads\/2026\/01\/Foto-Praxis-Ilka.jpg","contentUrl":"https:\/\/dr-reber.de\/wp-content\/uploads\/2026\/01\/Foto-Praxis-Ilka.jpg","width":1280,"height":1280,"caption":"Privatpraxis Dr. med. Ilka Reber"},"image":{"@id":"https:\/\/dr-reber.de\/#\/schema\/logo\/image\/"},"sameAs":["https:\/\/www.facebook.com\/dr.ilka.reber\/","https:\/\/www.instagram.com\/dr_ilka_reber\/"]}]}},"_links":{"self":[{"href":"https:\/\/dr-reber.de\/index.php?rest_route=\/wp\/v2\/pages\/414","targetHints":{"allow":["GET"]}}],"collection":[{"href":"https:\/\/dr-reber.de\/index.php?rest_route=\/wp\/v2\/pages"}],"about":[{"href":"https:\/\/dr-reber.de\/index.php?rest_route=\/wp\/v2\/types\/page"}],"author":[{"embeddable":true,"href":"https:\/\/dr-reber.de\/index.php?rest_route=\/wp\/v2\/users\/1"}],"replies":[{"embeddable":true,"href":"https:\/\/dr-reber.de\/index.php?rest_route=%2Fwp%2Fv2%2Fcomments&post=414"}],"version-history":[{"count":35,"href":"https:\/\/dr-reber.de\/index.php?rest_route=\/wp\/v2\/pages\/414\/revisions"}],"predecessor-version":[{"id":642,"href":"https:\/\/dr-reber.de\/index.php?rest_route=\/wp\/v2\/pages\/414\/revisions\/642"}],"wp:attachment":[{"href":"https:\/\/dr-reber.de\/index.php?rest_route=%2Fwp%2Fv2%2Fmedia&parent=414"}],"curies":[{"name":"wp","href":"https:\/\/api.w.org\/{rel}","templated":true}]}}