{"id":24,"date":"2024-06-30T15:28:17","date_gmt":"2024-06-30T13:28:17","guid":{"rendered":"https:\/\/dr-reber.de\/?page_id=24"},"modified":"2026-01-28T19:46:42","modified_gmt":"2026-01-28T17:46:42","slug":"ueber-mich","status":"publish","type":"page","link":"https:\/\/dr-reber.de\/?page_id=24","title":{"rendered":"\u00dcber Mich"},"content":{"rendered":"\t\t<div data-elementor-type=\"wp-page\" data-elementor-id=\"24\" class=\"elementor elementor-24\">\n\t\t\t\t<div class=\"elementor-element elementor-element-855f025 e-flex e-con-boxed e-con e-parent\" data-id=\"855f025\" data-element_type=\"container\">\n\t\t\t\t\t<div class=\"e-con-inner\">\n\t\t\t\t<div class=\"elementor-element elementor-element-0fa93cd elementor-widget elementor-widget-image\" data-id=\"0fa93cd\" data-element_type=\"widget\" data-widget_type=\"image.default\">\n\t\t\t\t<div class=\"elementor-widget-container\">\n\t\t\t\t\t\t\t\t\t\t\t\t\t\t\t<img fetchpriority=\"high\" decoding=\"async\" width=\"768\" height=\"206\" src=\"https:\/\/dr-reber.de\/wp-content\/uploads\/2025\/10\/Ilka-Logo-final-768x206.png\" class=\"attachment-medium_large size-medium_large wp-image-617\" alt=\"\" srcset=\"https:\/\/dr-reber.de\/wp-content\/uploads\/2025\/10\/Ilka-Logo-final-768x206.png 768w, https:\/\/dr-reber.de\/wp-content\/uploads\/2025\/10\/Ilka-Logo-final-300x81.png 300w, https:\/\/dr-reber.de\/wp-content\/uploads\/2025\/10\/Ilka-Logo-final-1024x275.png 1024w, https:\/\/dr-reber.de\/wp-content\/uploads\/2025\/10\/Ilka-Logo-final-1536x413.png 1536w, https:\/\/dr-reber.de\/wp-content\/uploads\/2025\/10\/Ilka-Logo-final-2048x550.png 2048w\" sizes=\"(max-width: 768px) 100vw, 768px\" \/>\t\t\t\t\t\t\t\t\t\t\t\t\t\t\t<\/div>\n\t\t\t\t<\/div>\n\t\t\t\t\t<\/div>\n\t\t\t\t<\/div>\n\t\t<div class=\"elementor-element elementor-element-cdbb1f7 e-flex e-con-boxed e-con e-parent\" data-id=\"cdbb1f7\" data-element_type=\"container\">\n\t\t\t\t\t<div class=\"e-con-inner\">\n\t\t\t\t<div class=\"elementor-element elementor-element-c596ae8 elementor-widget elementor-widget-spacer\" data-id=\"c596ae8\" data-element_type=\"widget\" data-widget_type=\"spacer.default\">\n\t\t\t\t<div class=\"elementor-widget-container\">\n\t\t\t\t\t\t\t<div class=\"elementor-spacer\">\n\t\t\t<div class=\"elementor-spacer-inner\"><\/div>\n\t\t<\/div>\n\t\t\t\t\t\t<\/div>\n\t\t\t\t<\/div>\n\t\t\t\t\t<\/div>\n\t\t\t\t<\/div>\n\t\t<div class=\"elementor-element elementor-element-731b8b5 e-flex e-con-boxed e-con e-parent\" data-id=\"731b8b5\" data-element_type=\"container\">\n\t\t\t\t\t<div class=\"e-con-inner\">\n\t\t\t\t<div class=\"elementor-element elementor-element-4a11568 elementor-widget elementor-widget-text-editor\" data-id=\"4a11568\" data-element_type=\"widget\" data-widget_type=\"text-editor.default\">\n\t\t\t\t<div class=\"elementor-widget-container\">\n\t\t\t\t\t\t\t\t\t<h2 style=\"text-align: center;\">&#8222;Die eine Medizinerin wird Herzchirurgin,<br \/>die andere wird Herzenstherapeutin.&#8220;<\/h2><div style=\"text-align: center;\" aria-hidden=\"true\">Dr. med. Ilka Reber<\/div>\t\t\t\t\t\t\t\t<\/div>\n\t\t\t\t<\/div>\n\t\t\t\t\t<\/div>\n\t\t\t\t<\/div>\n\t\t<div class=\"elementor-element elementor-element-d1dd886 e-flex e-con-boxed e-con e-parent\" data-id=\"d1dd886\" data-element_type=\"container\">\n\t\t\t\t\t<div class=\"e-con-inner\">\n\t\t\t\t<div class=\"elementor-element elementor-element-b0f04d1 elementor-widget elementor-widget-spacer\" data-id=\"b0f04d1\" data-element_type=\"widget\" data-widget_type=\"spacer.default\">\n\t\t\t\t<div class=\"elementor-widget-container\">\n\t\t\t\t\t\t\t<div class=\"elementor-spacer\">\n\t\t\t<div class=\"elementor-spacer-inner\"><\/div>\n\t\t<\/div>\n\t\t\t\t\t\t<\/div>\n\t\t\t\t<\/div>\n\t\t\t\t\t<\/div>\n\t\t\t\t<\/div>\n\t\t<div class=\"elementor-element elementor-element-7459553 e-flex e-con-boxed e-con e-parent\" data-id=\"7459553\" data-element_type=\"container\">\n\t\t\t\t\t<div class=\"e-con-inner\">\n\t\t\t\t<div class=\"elementor-element elementor-element-14d460f elementor-widget elementor-widget-image\" data-id=\"14d460f\" data-element_type=\"widget\" data-widget_type=\"image.default\">\n\t\t\t\t<div class=\"elementor-widget-container\">\n\t\t\t\t\t\t\t\t\t\t\t\t\t\t\t<img decoding=\"async\" src=\"https:\/\/dr-reber.de\/wp-content\/uploads\/elementor\/thumbs\/Foto-Praxis-Ilka-ri9v3qzier6ft7ica1lyp2i8n2t4em2zaizun4ops8.jpg\" title=\"Foto Praxis Ilka\" alt=\"Foto Praxis Ilka\" loading=\"lazy\" \/>\t\t\t\t\t\t\t\t\t\t\t\t\t\t\t<\/div>\n\t\t\t\t<\/div>\n\t\t\t\t\t<\/div>\n\t\t\t\t<\/div>\n\t\t<div class=\"elementor-element elementor-element-9080ee1 e-flex e-con-boxed e-con e-parent\" data-id=\"9080ee1\" data-element_type=\"container\">\n\t\t\t\t\t<div class=\"e-con-inner\">\n\t\t\t\t<div class=\"elementor-element elementor-element-9dd9dc6 elementor-widget elementor-widget-spacer\" data-id=\"9dd9dc6\" data-element_type=\"widget\" data-widget_type=\"spacer.default\">\n\t\t\t\t<div class=\"elementor-widget-container\">\n\t\t\t\t\t\t\t<div class=\"elementor-spacer\">\n\t\t\t<div class=\"elementor-spacer-inner\"><\/div>\n\t\t<\/div>\n\t\t\t\t\t\t<\/div>\n\t\t\t\t<\/div>\n\t\t\t\t\t<\/div>\n\t\t\t\t<\/div>\n\t\t<div class=\"elementor-element elementor-element-d3f94d6 e-flex e-con-boxed e-con e-parent\" data-id=\"d3f94d6\" data-element_type=\"container\">\n\t\t\t\t\t<div class=\"e-con-inner\">\n\t\t<div class=\"elementor-element elementor-element-ab02146 e-con-full e-flex e-con e-child\" data-id=\"ab02146\" data-element_type=\"container\">\n\t\t\t\t<div class=\"elementor-element elementor-element-6f0d5bc elementor-widget elementor-widget-text-editor\" data-id=\"6f0d5bc\" data-element_type=\"widget\" data-widget_type=\"text-editor.default\">\n\t\t\t\t<div class=\"elementor-widget-container\">\n\t\t\t\t\t\t\t\t\t<h3 style=\"text-align: left; padding-left: 40px;\">Grundlagen<\/h3><ul><li style=\"text-align: left;\">Hypnosystemische Psychotherapie<\/li><li style=\"text-align: left;\">Allgemeinmedizinische Psychosomatik<\/li><li style=\"text-align: left;\">Pers\u00f6nlichkeits-Weiterentwicklung\u00a0<\/li><\/ul><p style=\"text-align: center;\">\u00a0<\/p>\t\t\t\t\t\t\t\t<\/div>\n\t\t\t\t<\/div>\n\t\t\t\t<\/div>\n\t\t<div class=\"elementor-element elementor-element-1b845cc e-con-full e-flex e-con e-child\" data-id=\"1b845cc\" data-element_type=\"container\">\n\t\t\t\t<div class=\"elementor-element elementor-element-50054c3 elementor-widget elementor-widget-text-editor\" data-id=\"50054c3\" data-element_type=\"widget\" data-widget_type=\"text-editor.default\">\n\t\t\t\t<div class=\"elementor-widget-container\">\n\t\t\t\t\t\t\t\t\t<h3 style=\"text-align: left; padding-left: 40px;\">Spezialgebiete<\/h3><ul><li style=\"text-align: left;\">Akute Krisenintervention<\/li><li style=\"text-align: left;\">Burnout-Ersch\u00f6pfung und Depression<\/li><li style=\"text-align: left;\">Post-Traumatische-Belastungsst\u00f6rungen<\/li><li style=\"text-align: left;\">Angsterkrankungen<\/li><li style=\"text-align: left;\">Kinderwunsch<\/li><li style=\"text-align: left;\">Suchtbehandlung<\/li><li style=\"text-align: left;\">Raucherentw\u00f6hnung mit Hypnose (startet bald)<\/li><\/ul>\t\t\t\t\t\t\t\t<\/div>\n\t\t\t\t<\/div>\n\t\t\t\t<\/div>\n\t\t\t\t\t<\/div>\n\t\t\t\t<\/div>\n\t\t<div class=\"elementor-element elementor-element-7962e552 e-flex e-con-boxed e-con e-parent\" data-id=\"7962e552\" data-element_type=\"container\">\n\t\t\t\t\t<div class=\"e-con-inner\">\n\t\t\t\t<div class=\"elementor-element elementor-element-7072462c elementor-widget elementor-widget-text-editor\" data-id=\"7072462c\" data-element_type=\"widget\" data-widget_type=\"text-editor.default\">\n\t\t\t\t<div class=\"elementor-widget-container\">\n\t\t\t\t\t\t\t\t\t<p><!-- \/wp:spacer --><!-- wp:paragraph --><\/p>\n<p><!-- \/wp:paragraph --><!-- wp:paragraph --><\/p>\n<h2 style=\"height: 50px; padding-left: 40px;\">Meine Geschichte<\/h2>\n<div class=\"wp-block-columns\">\n<div class=\"wp-block-column\" style=\"flex-basis: 66.66%;\">\n<p><!-- \/wp:heading --><!-- wp:paragraph --><\/p>\n<p>Schon sehr fr\u00fch habe ich mich f\u00fcr \u201eden Menschen\u201c interessiert. Und daher ist es wohl kaum verwunderlich, dass ich mich nach dem Abitur dann auch f\u00fcr ein Studium der Humanmedizin entschieden habe. An den Universit\u00e4ten in Mainz und T\u00fcbingen und auch im Verlauf meiner Facharztweiterbildung konnte ich viele unterschiedliche Bereiche der Medizin kennenlernen.&nbsp; Mit dieser breiten \u00dcbersicht habe ich meinen Facharzt zur Allgemeinmedizinerin abgeschlossen und \u00fcber 10 Jahre praktische Erfahrungen in der Betreuung von Patienten gesammelt.<\/p>\n<p><!-- \/wp:paragraph --><!-- wp:paragraph --><\/p>\n<p>Als \u00c4rztin f\u00fchlte ich oft die Not der Patienten hinter den k\u00f6rperlichen Beschwerden. Leider fehlten mir in der klassischen, ambulanten Versorgung die M\u00f6glichkeiten, meinen Patienten ein umfangreicheres Angebot zu machen. Dies f\u00fchrte mich zu einer innerlichen Zerrei\u00dfprobe &#8211; und das&nbsp;<span style=\"font-size: 1rem;\">nach insgesamt fast 20 Jahren hochqualifizierter medizinischer Ausbildung und Berufserfahrung.<\/span><\/p>\n<p><!-- \/wp:paragraph --><\/p>\n<\/div>\n<p><!-- \/wp:column --><!-- wp:column {\"verticalAlignment\":\"center\",\"width\":\"33.33%\"} --><\/p>\n<div class=\"wp-block-column is-vertically-aligned-center\" style=\"flex-basis: 33.33%;\">\n<p><!-- wp:image {\"id\":21,\"sizeSlug\":\"full\",\"linkDestination\":\"none\"} --><\/p>\n<figure class=\"wp-block-image size-full\"><img decoding=\"async\" width=\"215\" height=\"287\" class=\"wp-image-21 aligncenter\" src=\"https:\/\/dr-reber.de\/wp-content\/uploads\/2024\/06\/Ilka-Foto-freigestellt.jpg\" alt=\"\"><\/figure>\n<p><!-- \/wp:image --><\/p>\n<\/div>\n<p><!-- \/wp:column --><\/p>\n<\/div>\n<p><!-- \/wp:columns --><!-- wp:paragraph --><\/p>\n<p>Um meine Pers\u00f6nlichkeit weiterzuentwickeln und angenommene Muster \u00fcber das Leben ablegen zu k\u00f6nnen, habe ich viele unterschiedliche Methoden und psychologische Ans\u00e4tze kennengelernt. Auch die wunderbare Erfahrung eines lebendigen christlichen Glaubens konnte mir gro\u00dfe St\u00e4rke und Mut verleihen.<\/p>\n<p><!-- \/wp:paragraph --><!-- wp:paragraph --><\/p>\n<p>Dabei habe ich die wichtigsten Ressourcen und Kr\u00e4fte im Unbewussten gefunden, so dass ich nun mit einer wohltuenden Klarheit auf das Leben schauen kann &#8211; und das bereits mit Anfang 40.<\/p>\n<p><!-- \/wp:paragraph --><!-- wp:paragraph --><\/p>\n<p>Die systemische Hypnotherapie ist ein hochwirksames, modernes und effektives Mittel. International wird Hypnose bereits seit Jahrzehnten mit \u00fcberdurchschnittlichen Erfolgen gegen\u00fcber klassischen psychologischen Methoden angewendet, erforscht und weiterentwickelt. Und das m\u00f6chte ich auch meinen Patienten zug\u00e4nglich machen. Durch meine \u00e4rztliche Qualifikation und meine konsequente Fortbildung am Milton Erickson Institut f\u00fcr Hypnose ist es mir m\u00f6glich, Menschen ihre (unterbewussten) Leiden zu erleichtern.<\/p>\n<p><!-- \/wp:paragraph --><!-- wp:paragraph --><\/p>\n<p>Und \u2026. ich kann mich da sehr gut in Sie einf\u00fchlen!<\/p>\n<p><!-- \/wp:paragraph --><!-- wp:spacer --><\/p>\n<div class=\"wp-block-spacer\" style=\"height: 100px;\" aria-hidden=\"true\">&nbsp;<\/div>\n<p><!-- \/wp:spacer --><!-- wp:heading --><\/p>\n<h2 class=\"wp-block-heading\">Akademischer Lebenslauf<\/h2>\n<p><!-- \/wp:heading --><!-- wp:paragraph --><\/p>\n<p>2003 Abitur Rabanus-Maurus-Gymnasium Mainz<\/p>\n<p><!-- \/wp:paragraph --><!-- wp:paragraph --><\/p>\n<p>2003-2010 Studium der Humanmedizin in Mainz und T\u00fcbingen<\/p>\n<p><!-- \/wp:paragraph --><!-- wp:paragraph --><\/p>\n<p>2013 Promotion Verleihung des Doktorgrades<\/p>\n<p><!-- \/wp:paragraph --><!-- wp:paragraph --><\/p>\n<p>2011-2012 Weiterbildung Urologie, Klinik Sindelfingen<\/p>\n<p><!-- \/wp:paragraph --><!-- wp:paragraph --><\/p>\n<p>2012-2013 Weiterbildung Innere Medizin, Krankenhaus Marbach<\/p>\n<p><!-- \/wp:paragraph --><!-- wp:paragraph --><\/p>\n<p>2013-2017 Weiterbildung Allgemeinmedizin, SLK-Kliniken Heilbronn<\/p>\n<p><!-- \/wp:paragraph --><!-- wp:paragraph --><\/p>\n<p>2017-2018 Weiterbildung Allgemeinmedizin, MVB Praxis Dr. Frenzel Oberstenfeld<\/p>\n<p><!-- \/wp:paragraph --><!-- wp:paragraph --><\/p>\n<p>2018-2022 Weiterbildung Allgemeinmedizin, Gemeinschaftspraxis Benningen<\/p>\n<p><!-- \/wp:paragraph --><!-- wp:paragraph --><\/p>\n<p>2018-2022 begleitendes Weiterbildungsprogramm Allgemeinmedizin KWBW<\/p>\n<p><!-- \/wp:paragraph --><!-- wp:paragraph --><\/p>\n<p>2022 Fach\u00e4rztin f\u00fcr Allgemeinmedizin&nbsp;<\/p>\n<p><!-- \/wp:paragraph --><!-- wp:paragraph --><\/p>\n<p>seit 2023 Fortbildung Hypnotherapie, PD Dr. Ross Freiburg, Milton-Erickson Institut Heidelberg<\/p>\n<p><!-- \/wp:paragraph --><!-- wp:paragraph --><\/p>\n<p>2024 eigene Praxis in Ludwigsburg<\/p>\n<p>2025 Mitarbeit bei &nbsp;der Kompetenz-ssh GmbH<\/p>\n<p>2025 Gr\u00fcndung einer \u00e4rztlichen Privatpraxis in Freiberg am Neckar<\/p>\n<div class=\"wp-block-columns\">\n<div class=\"wp-block-column\" style=\"flex-basis: 66.66%;\">\n<p><!-- wp:gallery {\"linkTo\":\"none\"} --><\/p>\n<figure class=\"wp-block-gallery has-nested-images columns-default is-cropped\"><!-- wp:image {\"id\":314,\"sizeSlug\":\"large\",\"linkDestination\":\"none\"} --><p><\/p>\n<figure class=\"wp-block-image size-large\"><\/figure>\n<p><!-- \/wp:image --><\/p>\n<\/figure>\n<p><!-- \/wp:gallery --><\/p>\n<\/div>\n<p><!-- \/wp:column --><\/p>\n<\/div>\n<p><!-- \/wp:columns --><\/p>\t\t\t\t\t\t\t\t<\/div>\n\t\t\t\t<\/div>\n\t\t\t\t\t<\/div>\n\t\t\t\t<\/div>\n\t\t<div class=\"elementor-element elementor-element-0d8b226 e-con-full e-flex e-con e-parent\" data-id=\"0d8b226\" data-element_type=\"container\">\n\t\t<div class=\"elementor-element elementor-element-2c53f12 e-con-full e-flex e-con e-child\" data-id=\"2c53f12\" data-element_type=\"container\" data-settings=\"{&quot;background_background&quot;:&quot;classic&quot;}\">\n\t\t\t\t<div class=\"elementor-element elementor-element-dc50439 elementor-widget elementor-widget-text-editor\" data-id=\"dc50439\" data-element_type=\"widget\" data-widget_type=\"text-editor.default\">\n\t\t\t\t<div class=\"elementor-widget-container\">\n\t\t\t\t\t\t\t\t\t<p><span style=\"color: #ffffff;\">Alle Rechte vorbehalten<\/span><\/p>\t\t\t\t\t\t\t\t<\/div>\n\t\t\t\t<\/div>\n\t\t\t\t<\/div>\n\t\t\t\t<\/div>\n\t\t\t\t<\/div>\n\t\t","protected":false},"excerpt":{"rendered":"<p>&#8222;Die eine Medizinerin wird Herzchirurgin,die andere wird Herzenstherapeutin.&#8220; Dr. med. Ilka Reber Grundlagen Hypnosystemische Psychotherapie Allgemeinmedizinische Psychosomatik Pers\u00f6nlichkeits-Weiterentwicklung\u00a0 \u00a0 Spezialgebiete Akute Krisenintervention Burnout-Ersch\u00f6pfung und Depression Post-Traumatische-Belastungsst\u00f6rungen Angsterkrankungen Kinderwunsch Suchtbehandlung Raucherentw\u00f6hnung mit Hypnose (startet bald) Meine Geschichte Schon sehr fr\u00fch habe ich mich f\u00fcr \u201eden Menschen\u201c interessiert. Und daher ist es wohl kaum verwunderlich, dass ich [&hellip;]<\/p>\n","protected":false},"author":1,"featured_media":0,"parent":0,"menu_order":2,"comment_status":"closed","ping_status":"closed","template":"elementor_canvas","meta":{"footnotes":""},"class_list":["post-24","page","type-page","status-publish","hentry"],"yoast_head":"<!-- This site is optimized with the Yoast SEO plugin v24.3 - https:\/\/yoast.com\/wordpress\/plugins\/seo\/ -->\n<title>\u00dcber Mich - Dr. med. Ilka Reber<\/title>\n<meta name=\"robots\" content=\"index, follow, max-snippet:-1, max-image-preview:large, max-video-preview:-1\" \/>\n<link rel=\"canonical\" href=\"https:\/\/dr-reber.de\/?page_id=24\" \/>\n<meta property=\"og:locale\" content=\"de_DE\" \/>\n<meta property=\"og:type\" content=\"article\" \/>\n<meta property=\"og:title\" content=\"\u00dcber Mich - Dr. med. Ilka Reber\" \/>\n<meta property=\"og:description\" content=\"&#8222;Die eine Medizinerin wird Herzchirurgin,die andere wird Herzenstherapeutin.&#8220; Dr. med. Ilka Reber Grundlagen Hypnosystemische Psychotherapie Allgemeinmedizinische Psychosomatik Pers\u00f6nlichkeits-Weiterentwicklung\u00a0 \u00a0 Spezialgebiete Akute Krisenintervention Burnout-Ersch\u00f6pfung und Depression Post-Traumatische-Belastungsst\u00f6rungen Angsterkrankungen Kinderwunsch Suchtbehandlung Raucherentw\u00f6hnung mit Hypnose (startet bald) Meine Geschichte Schon sehr fr\u00fch habe ich mich f\u00fcr \u201eden Menschen\u201c interessiert. Und daher ist es wohl kaum verwunderlich, dass ich [&hellip;]\" \/>\n<meta property=\"og:url\" content=\"https:\/\/dr-reber.de\/?page_id=24\" \/>\n<meta property=\"og:site_name\" content=\"Dr. med. Ilka Reber\" \/>\n<meta property=\"article:publisher\" content=\"https:\/\/www.facebook.com\/dr.ilka.reber\/\" \/>\n<meta property=\"article:modified_time\" content=\"2026-01-28T17:46:42+00:00\" \/>\n<meta property=\"og:image\" content=\"https:\/\/dr-reber.de\/wp-content\/uploads\/2025\/10\/Ilka-Logo-final-scaled.png\" \/>\n\t<meta property=\"og:image:width\" content=\"2560\" \/>\n\t<meta property=\"og:image:height\" content=\"688\" \/>\n\t<meta property=\"og:image:type\" content=\"image\/png\" \/>\n<meta name=\"twitter:card\" content=\"summary_large_image\" \/>\n<meta name=\"twitter:label1\" content=\"Gesch\u00e4tzte Lesezeit\" \/>\n\t<meta name=\"twitter:data1\" content=\"3\u00a0Minuten\" \/>\n<script type=\"application\/ld+json\" class=\"yoast-schema-graph\">{\"@context\":\"https:\/\/schema.org\",\"@graph\":[{\"@type\":\"WebPage\",\"@id\":\"https:\/\/dr-reber.de\/?page_id=24\",\"url\":\"https:\/\/dr-reber.de\/?page_id=24\",\"name\":\"\u00dcber Mich - Dr. med. Ilka Reber\",\"isPartOf\":{\"@id\":\"https:\/\/dr-reber.de\/#website\"},\"primaryImageOfPage\":{\"@id\":\"https:\/\/dr-reber.de\/?page_id=24#primaryimage\"},\"image\":{\"@id\":\"https:\/\/dr-reber.de\/?page_id=24#primaryimage\"},\"thumbnailUrl\":\"https:\/\/dr-reber.de\/wp-content\/uploads\/2025\/10\/Ilka-Logo-final-768x206.png\",\"datePublished\":\"2024-06-30T13:28:17+00:00\",\"dateModified\":\"2026-01-28T17:46:42+00:00\",\"breadcrumb\":{\"@id\":\"https:\/\/dr-reber.de\/?page_id=24#breadcrumb\"},\"inLanguage\":\"de\",\"potentialAction\":[{\"@type\":\"ReadAction\",\"target\":[\"https:\/\/dr-reber.de\/?page_id=24\"]}]},{\"@type\":\"ImageObject\",\"inLanguage\":\"de\",\"@id\":\"https:\/\/dr-reber.de\/?page_id=24#primaryimage\",\"url\":\"https:\/\/dr-reber.de\/wp-content\/uploads\/2025\/10\/Ilka-Logo-final-scaled.png\",\"contentUrl\":\"https:\/\/dr-reber.de\/wp-content\/uploads\/2025\/10\/Ilka-Logo-final-scaled.png\",\"width\":2560,\"height\":688},{\"@type\":\"BreadcrumbList\",\"@id\":\"https:\/\/dr-reber.de\/?page_id=24#breadcrumb\",\"itemListElement\":[{\"@type\":\"ListItem\",\"position\":1,\"name\":\"Startseite\",\"item\":\"https:\/\/dr-reber.de\/\"},{\"@type\":\"ListItem\",\"position\":2,\"name\":\"\u00dcber Mich\"}]},{\"@type\":\"WebSite\",\"@id\":\"https:\/\/dr-reber.de\/#website\",\"url\":\"https:\/\/dr-reber.de\/\",\"name\":\"Privatpraxis Dr. med. Ilka Reber \u00c4rztin und Hypnotherapeutin\",\"description\":\"Pers\u00f6nliche Begleitung mit HypnoSystem\",\"publisher\":{\"@id\":\"https:\/\/dr-reber.de\/#organization\"},\"potentialAction\":[{\"@type\":\"SearchAction\",\"target\":{\"@type\":\"EntryPoint\",\"urlTemplate\":\"https:\/\/dr-reber.de\/?s={search_term_string}\"},\"query-input\":{\"@type\":\"PropertyValueSpecification\",\"valueRequired\":true,\"valueName\":\"search_term_string\"}}],\"inLanguage\":\"de\"},{\"@type\":\"Organization\",\"@id\":\"https:\/\/dr-reber.de\/#organization\",\"name\":\"Privatpraxis Dr. med. Ilka Reber\",\"alternateName\":\"Medizinische und Hypnosystemische Psychotherapie\",\"url\":\"https:\/\/dr-reber.de\/\",\"logo\":{\"@type\":\"ImageObject\",\"inLanguage\":\"de\",\"@id\":\"https:\/\/dr-reber.de\/#\/schema\/logo\/image\/\",\"url\":\"https:\/\/dr-reber.de\/wp-content\/uploads\/2026\/01\/Foto-Praxis-Ilka.jpg\",\"contentUrl\":\"https:\/\/dr-reber.de\/wp-content\/uploads\/2026\/01\/Foto-Praxis-Ilka.jpg\",\"width\":1280,\"height\":1280,\"caption\":\"Privatpraxis Dr. med. Ilka Reber\"},\"image\":{\"@id\":\"https:\/\/dr-reber.de\/#\/schema\/logo\/image\/\"},\"sameAs\":[\"https:\/\/www.facebook.com\/dr.ilka.reber\/\",\"https:\/\/www.instagram.com\/dr_ilka_reber\/\"]}]}<\/script>\n<!-- \/ Yoast SEO plugin. -->","yoast_head_json":{"title":"\u00dcber Mich - Dr. med. Ilka Reber","robots":{"index":"index","follow":"follow","max-snippet":"max-snippet:-1","max-image-preview":"max-image-preview:large","max-video-preview":"max-video-preview:-1"},"canonical":"https:\/\/dr-reber.de\/?page_id=24","og_locale":"de_DE","og_type":"article","og_title":"\u00dcber Mich - Dr. med. Ilka Reber","og_description":"&#8222;Die eine Medizinerin wird Herzchirurgin,die andere wird Herzenstherapeutin.&#8220; Dr. med. Ilka Reber Grundlagen Hypnosystemische Psychotherapie Allgemeinmedizinische Psychosomatik Pers\u00f6nlichkeits-Weiterentwicklung\u00a0 \u00a0 Spezialgebiete Akute Krisenintervention Burnout-Ersch\u00f6pfung und Depression Post-Traumatische-Belastungsst\u00f6rungen Angsterkrankungen Kinderwunsch Suchtbehandlung Raucherentw\u00f6hnung mit Hypnose (startet bald) Meine Geschichte Schon sehr fr\u00fch habe ich mich f\u00fcr \u201eden Menschen\u201c interessiert. Und daher ist es wohl kaum verwunderlich, dass ich [&hellip;]","og_url":"https:\/\/dr-reber.de\/?page_id=24","og_site_name":"Dr. med. Ilka Reber","article_publisher":"https:\/\/www.facebook.com\/dr.ilka.reber\/","article_modified_time":"2026-01-28T17:46:42+00:00","og_image":[{"width":2560,"height":688,"url":"https:\/\/dr-reber.de\/wp-content\/uploads\/2025\/10\/Ilka-Logo-final-scaled.png","type":"image\/png"}],"twitter_card":"summary_large_image","twitter_misc":{"Gesch\u00e4tzte Lesezeit":"3\u00a0Minuten"},"schema":{"@context":"https:\/\/schema.org","@graph":[{"@type":"WebPage","@id":"https:\/\/dr-reber.de\/?page_id=24","url":"https:\/\/dr-reber.de\/?page_id=24","name":"\u00dcber Mich - Dr. med. Ilka Reber","isPartOf":{"@id":"https:\/\/dr-reber.de\/#website"},"primaryImageOfPage":{"@id":"https:\/\/dr-reber.de\/?page_id=24#primaryimage"},"image":{"@id":"https:\/\/dr-reber.de\/?page_id=24#primaryimage"},"thumbnailUrl":"https:\/\/dr-reber.de\/wp-content\/uploads\/2025\/10\/Ilka-Logo-final-768x206.png","datePublished":"2024-06-30T13:28:17+00:00","dateModified":"2026-01-28T17:46:42+00:00","breadcrumb":{"@id":"https:\/\/dr-reber.de\/?page_id=24#breadcrumb"},"inLanguage":"de","potentialAction":[{"@type":"ReadAction","target":["https:\/\/dr-reber.de\/?page_id=24"]}]},{"@type":"ImageObject","inLanguage":"de","@id":"https:\/\/dr-reber.de\/?page_id=24#primaryimage","url":"https:\/\/dr-reber.de\/wp-content\/uploads\/2025\/10\/Ilka-Logo-final-scaled.png","contentUrl":"https:\/\/dr-reber.de\/wp-content\/uploads\/2025\/10\/Ilka-Logo-final-scaled.png","width":2560,"height":688},{"@type":"BreadcrumbList","@id":"https:\/\/dr-reber.de\/?page_id=24#breadcrumb","itemListElement":[{"@type":"ListItem","position":1,"name":"Startseite","item":"https:\/\/dr-reber.de\/"},{"@type":"ListItem","position":2,"name":"\u00dcber Mich"}]},{"@type":"WebSite","@id":"https:\/\/dr-reber.de\/#website","url":"https:\/\/dr-reber.de\/","name":"Privatpraxis Dr. med. Ilka Reber \u00c4rztin und Hypnotherapeutin","description":"Pers\u00f6nliche Begleitung mit HypnoSystem","publisher":{"@id":"https:\/\/dr-reber.de\/#organization"},"potentialAction":[{"@type":"SearchAction","target":{"@type":"EntryPoint","urlTemplate":"https:\/\/dr-reber.de\/?s={search_term_string}"},"query-input":{"@type":"PropertyValueSpecification","valueRequired":true,"valueName":"search_term_string"}}],"inLanguage":"de"},{"@type":"Organization","@id":"https:\/\/dr-reber.de\/#organization","name":"Privatpraxis Dr. med. Ilka Reber","alternateName":"Medizinische und Hypnosystemische Psychotherapie","url":"https:\/\/dr-reber.de\/","logo":{"@type":"ImageObject","inLanguage":"de","@id":"https:\/\/dr-reber.de\/#\/schema\/logo\/image\/","url":"https:\/\/dr-reber.de\/wp-content\/uploads\/2026\/01\/Foto-Praxis-Ilka.jpg","contentUrl":"https:\/\/dr-reber.de\/wp-content\/uploads\/2026\/01\/Foto-Praxis-Ilka.jpg","width":1280,"height":1280,"caption":"Privatpraxis Dr. med. Ilka Reber"},"image":{"@id":"https:\/\/dr-reber.de\/#\/schema\/logo\/image\/"},"sameAs":["https:\/\/www.facebook.com\/dr.ilka.reber\/","https:\/\/www.instagram.com\/dr_ilka_reber\/"]}]}},"_links":{"self":[{"href":"https:\/\/dr-reber.de\/index.php?rest_route=\/wp\/v2\/pages\/24","targetHints":{"allow":["GET"]}}],"collection":[{"href":"https:\/\/dr-reber.de\/index.php?rest_route=\/wp\/v2\/pages"}],"about":[{"href":"https:\/\/dr-reber.de\/index.php?rest_route=\/wp\/v2\/types\/page"}],"author":[{"embeddable":true,"href":"https:\/\/dr-reber.de\/index.php?rest_route=\/wp\/v2\/users\/1"}],"replies":[{"embeddable":true,"href":"https:\/\/dr-reber.de\/index.php?rest_route=%2Fwp%2Fv2%2Fcomments&post=24"}],"version-history":[{"count":182,"href":"https:\/\/dr-reber.de\/index.php?rest_route=\/wp\/v2\/pages\/24\/revisions"}],"predecessor-version":[{"id":1160,"href":"https:\/\/dr-reber.de\/index.php?rest_route=\/wp\/v2\/pages\/24\/revisions\/1160"}],"wp:attachment":[{"href":"https:\/\/dr-reber.de\/index.php?rest_route=%2Fwp%2Fv2%2Fmedia&parent=24"}],"curies":[{"name":"wp","href":"https:\/\/api.w.org\/{rel}","templated":true}]}}